{"id":1932,"date":"2025-08-23T17:36:50","date_gmt":"2025-08-23T20:36:50","guid":{"rendered":"https:\/\/janiltonpsicologo.com\/podcasts\/"},"modified":"2025-12-13T09:58:04","modified_gmt":"2025-12-13T12:58:04","slug":"podcasts","status":"publish","type":"page","link":"https:\/\/janiltonpsicologo.com\/en\/podcasts\/","title":{"rendered":"Podcasts"},"content":{"rendered":"<section class=\"l-section wpb_row height_medium\"><div class=\"l-section-h i-cf\"><div class=\"g-cols vc_row via_grid cols_1 laptops-cols_inherit tablets-cols_inherit mobiles-cols_1 valign_top type_default stacking_default\"><div class=\"wpb_column vc_column_container\"><div class=\"vc_column-inner\"><div class=\"wpb_text_column us_custom_ba77a1ad us_animate_this\"><div class=\"wpb_wrapper\"><p>PODCAST<\/p>\n<\/div><\/div><div class=\"wpb_text_column us_custom_732d1a34 has_text_color us_animate_this\"><div class=\"wpb_wrapper\"><h1>Connected psychoanalysis<\/h1>\n<\/div><\/div><div class=\"wpb_text_column us_custom_00bb4eab us_animate_this\"><div class=\"wpb_wrapper\"><p>With M\u00f4nica Martins de Godoy Fonseca and Janilton Gabriel de Souza. In this podcast, a poetic conversation flows around themes that touch Psychoanalysis, mental health, and life. No jargon. No mysteries. With listening and affection.<\/p>\n<\/div><\/div><div class=\"g-cols wpb_row via_grid cols_1 laptops-cols_inherit tablets-cols_inherit mobiles-cols_1 valign_top type_default stacking_default\" style=\"--columns-gap:3rem;\" id=\"mobile\"><div class=\"wpb_column vc_column_container\"><div class=\"vc_column-inner\"><form class=\"w-filter for_grid state_desktop us-field-style_1 us_custom_4f24afa8 layout_hor items_1 mod_side style_switch_default align_center drop_on_hover hide_item_title hide_disabled_values\" action onsubmit=\"return false;\" onclick='return {&quot;filterPrefix&quot;:&quot;filter&quot;,&quot;hideDisabledValues&quot;:true,&quot;layout&quot;:&quot;hor&quot;,&quot;mobileWidth&quot;:600,&quot;use_grid&quot;:&quot;first&quot;,&quot;gridNotFoundMessage&quot;:&quot;Nothing to filter. Add a suitable Grid to this page.&quot;}'><div class=\"w-filter-list\"><div class=\"w-filter-list-title\">Filters<\/div><button class=\"w-filter-list-closer\" title=\"Close\" aria-label=\"Close\"><\/button><div class=\"w-filter-item type_checkbox\" data-source=\"tax|category\"><button class=\"w-filter-item-title\">Category<span><\/span><\/button><a class=\"w-filter-item-reset\" href=\"#\" title=\"Reset\"><span>Reset<\/span><\/a><div class=\"w-filter-item-content\"><div class=\"w-filter-item-values\" data-maxheight=\"40vh\" style=\"max-height:40vh\"><div class=\"w-filter-item-value\" data-item-amount=\"1\"><label><input type=\"checkbox\" value=\"article\" name=\"filter_category\"><span class=\"w-filter-item-value-label\">Article<\/span><\/label><\/div><\/div><\/div><\/div><\/div><div class=\"w-filter-list-panel\"><button class=\"w-btn us-btn-style_1\"><span class=\"w-btn-label\">Apply<\/span><\/button><\/div><style>@media( max-width:600px ){.w-filter.state_desktop .w-filter-list,.w-filter-item-title>span{display:none}.w-filter-opener{display:inline-block}}<\/style><button class=\"w-filter-opener icon_atleft\"><i class=\"fas fa-filter\"><\/i><span>Filters<\/span><\/button><div class=\"w-filter-json-filters-args hidden\" onclick='return {&quot;taxonomies_query_args&quot;:{&quot;tax|category&quot;:{&quot;article&quot;:{&quot;fields&quot;:&quot;ids&quot;,&quot;nopaging&quot;:true,&quot;post_status&quot;:[&quot;publish&quot;,&quot;acf-disabled&quot;,&quot;inherit&quot;],&quot;post_type&quot;:[],&quot;posts_per_page&quot;:1,&quot;suppress_filters&quot;:true,&quot;tax_query&quot;:[{&quot;taxonomy&quot;:&quot;category&quot;,&quot;field&quot;:&quot;slug&quot;,&quot;terms&quot;:&quot;article&quot;}]},&quot;book&quot;:{&quot;fields&quot;:&quot;ids&quot;,&quot;nopaging&quot;:true,&quot;post_status&quot;:[&quot;publish&quot;,&quot;acf-disabled&quot;,&quot;inherit&quot;],&quot;post_type&quot;:[],&quot;posts_per_page&quot;:1,&quot;suppress_filters&quot;:true,&quot;tax_query&quot;:[{&quot;taxonomy&quot;:&quot;category&quot;,&quot;field&quot;:&quot;slug&quot;,&quot;terms&quot;:&quot;book&quot;}]},&quot;book-2&quot;:{&quot;fields&quot;:&quot;ids&quot;,&quot;nopaging&quot;:true,&quot;post_status&quot;:[&quot;publish&quot;,&quot;acf-disabled&quot;,&quot;inherit&quot;],&quot;post_type&quot;:[],&quot;posts_per_page&quot;:1,&quot;suppress_filters&quot;:true,&quot;tax_query&quot;:[{&quot;taxonomy&quot;:&quot;category&quot;,&quot;field&quot;:&quot;slug&quot;,&quot;terms&quot;:&quot;book-2&quot;}]},&quot;connected-sycoanalysis&quot;:{&quot;fields&quot;:&quot;ids&quot;,&quot;nopaging&quot;:true,&quot;post_status&quot;:[&quot;publish&quot;,&quot;acf-disabled&quot;,&quot;inherit&quot;],&quot;post_type&quot;:[],&quot;posts_per_page&quot;:1,&quot;suppress_filters&quot;:true,&quot;tax_query&quot;:[{&quot;taxonomy&quot;:&quot;category&quot;,&quot;field&quot;:&quot;slug&quot;,&quot;terms&quot;:&quot;connected-sycoanalysis&quot;}]},&quot;lifestyle&quot;:{&quot;fields&quot;:&quot;ids&quot;,&quot;nopaging&quot;:true,&quot;post_status&quot;:[&quot;publish&quot;,&quot;acf-disabled&quot;,&quot;inherit&quot;],&quot;post_type&quot;:[],&quot;posts_per_page&quot;:1,&quot;suppress_filters&quot;:true,&quot;tax_query&quot;:[{&quot;taxonomy&quot;:&quot;category&quot;,&quot;field&quot;:&quot;slug&quot;,&quot;terms&quot;:&quot;lifestyle&quot;}]},&quot;new&quot;:{&quot;fields&quot;:&quot;ids&quot;,&quot;nopaging&quot;:true,&quot;post_status&quot;:[&quot;publish&quot;,&quot;acf-disabled&quot;,&quot;inherit&quot;],&quot;post_type&quot;:[],&quot;posts_per_page&quot;:1,&quot;suppress_filters&quot;:true,&quot;tax_query&quot;:[{&quot;taxonomy&quot;:&quot;category&quot;,&quot;field&quot;:&quot;slug&quot;,&quot;terms&quot;:&quot;new&quot;}]},&quot;self-esteem&quot;:{&quot;fields&quot;:&quot;ids&quot;,&quot;nopaging&quot;:true,&quot;post_status&quot;:[&quot;publish&quot;,&quot;acf-disabled&quot;,&quot;inherit&quot;],&quot;post_type&quot;:[],&quot;posts_per_page&quot;:1,&quot;suppress_filters&quot;:true,&quot;tax_query&quot;:[{&quot;taxonomy&quot;:&quot;category&quot;,&quot;field&quot;:&quot;slug&quot;,&quot;terms&quot;:&quot;self-esteem&quot;}]},&quot;well-being&quot;:{&quot;fields&quot;:&quot;ids&quot;,&quot;nopaging&quot;:true,&quot;post_status&quot;:[&quot;publish&quot;,&quot;acf-disabled&quot;,&quot;inherit&quot;],&quot;post_type&quot;:[],&quot;posts_per_page&quot;:1,&quot;suppress_filters&quot;:true,&quot;tax_query&quot;:[{&quot;taxonomy&quot;:&quot;category&quot;,&quot;field&quot;:&quot;slug&quot;,&quot;terms&quot;:&quot;well-being&quot;}]}}}}'><\/div><\/form><div class=\"w-grid type_grid layout_626 cols_3 pagination_infinite with_css_animation\" id=\"us_grid_1\" style=\"--columns:3;--gap:1.5rem;\" data-filterable=\"true\"><style>@media (max-width:1024px){#us_grid_1{--columns:2!important}}@media (max-width:600px){#us_grid_1{--columns:1!important}}.layout_626 .w-grid-item-h{}.layout_626 .usg_post_image_1{overflow:hidden!important}.layout_626 .usg_vwrapper_1{border-radius:2rem!important;overflow:hidden!important;background:#B6DBFF!important}.layout_626 .usg_vwrapper_2{background:#B6DBFF!important;padding:2.5rem 2.5rem 0 2.5rem!important}.layout_626 .usg_post_title_1{color:var(--color-content-heading)!important;font-size:1.5!important;font-weight:700!important;margin-bottom:0.625rem!important}.layout_626 .usg_btn_1{max-width:5rem!important}.layout_626 .usg_vwrapper_3{position:relative!important}.layout_626 .usg_post_content_1{font-size:1rem!important;font-family:var(--h1-font-family)!important;margin-bottom:1.375rem!important}.layout_626 .usg_hwrapper_1{margin-bottom:1.4375rem!important}.layout_626 .usg_text_2{color:var(--color-content-primary)!important;font-size:1rem!important;font-family:var(--h1-font-family)!important;font-weight:600!important}.layout_626 .usg_post_custom_field_1{color:var(--color-content-primary)!important;font-size:1rem!important;font-family:var(--h1-font-family)!important;font-weight:600!important}.layout_626 .usg_text_3{color:var(--color-content-primary)!important;font-size:24px!important;font-family:var(--h1-font-family)!important}.layout_626 .usg_post_taxonomy_1{color:#000!important;font-size:1rem!important;font-family:var(--h1-font-family)!important}.layout_626 .usg_vwrapper_4{margin-top:auto!important;margin-bottom:0!important;padding:0 2.5rem 2.5rem 2.5rem!important}<\/style><div class=\"w-grid-list\">\t<article class=\"w-grid-item us_animate_afb size_1x1 post-2065 post type-post status-publish format-standard has-post-thumbnail hentry category-article tag-dependencia-das-redes-sociais tag-instagram tag-inteligencia-artificial tag-psicanalise tag-redes-sociais tag-vicio-em-redes-sociais\" data-id=\"2065\" style=\"animation-delay:0s\">\r\n\t\t<div class=\"w-grid-item-h\">\r\n\t\t\t\t\t\t<div class=\"w-vwrapper usg_vwrapper_1 align_none valign_top\" style=\"--vwrapper-gap:0rem\"><div class=\"w-vwrapper usg_vwrapper_3 align_none valign_top\"><div class=\"w-post-elm post_image usg_post_image_1 has_ratio\"><a href=\"https:\/\/janiltonpsicologo.com\/en\/blog\/post\/por-que-voce-esta-no-instagram\/\" aria-label=\"POR QUE VOC\u00ca EST\u00c1 NO INSTAGRAM?\"><img decoding=\"async\" width=\"1024\" height=\"1024\" src=\"https:\/\/janiltonpsicologo.com\/wp-content\/uploads\/2025\/10\/por-que-voce-esta-no-instagram-vicio-em-redes-sociais.webp\" class=\"attachment-large size-large wp-post-image\" alt=\"\" \/><\/a><div style=\"padding-bottom:75%\"><\/div><\/div><\/div><div class=\"w-vwrapper usg_vwrapper_2 align_none valign_top\" style=\"--vwrapper-gap:0rem\"><div class=\"w-hwrapper usg_hwrapper_1 align_none valign_middle wrap\" style=\"--hwrapper-gap:0.9rem\"><div class=\"w-image usg_image_1\"><div class=\"w-image-h\"><img decoding=\"async\" width=\"1024\" height=\"1024\" src=\"https:\/\/janiltonpsicologo.com\/wp-content\/uploads\/2025\/08\/podcast-icon.svg\" class=\"attachment-large size-large\" alt=\"\" loading=\"lazy\" \/><\/div><\/div><div class=\"w-hwrapper usg_hwrapper_2 align_none valign_middle wrap\" style=\"--hwrapper-gap:0.3rem\"><div class=\"w-post-elm post_taxonomy usg_post_taxonomy_1 has_text_color style_simple color_link_inherit\"><span class=\"term-58 term-article\">Article<\/span><\/div><div class=\"w-hwrapper usg_hwrapper_3 align_none valign_middle\" style=\"--hwrapper-gap:0.4rem\"><\/div><\/div><\/div><h5 class=\"w-post-elm post_title usg_post_title_1 has_text_color entry-title color_link_inherit\"><a href=\"https:\/\/janiltonpsicologo.com\/en\/blog\/post\/por-que-voce-esta-no-instagram\/\">POR QUE VOC\u00ca EST\u00c1 NO INSTAGRAM?<\/a><\/h5><\/div><div class=\"w-vwrapper usg_vwrapper_4 align_none valign_top\"><a class=\"w-btn us-btn-style_5 httfox-wpp-button usg_btn_1\" href=\"https:\/\/janiltonpsicologo.com\/en\/blog\/post\/por-que-voce-esta-no-instagram\/\"><span class=\"w-btn-label\">Ouvir<\/span><\/a><\/div><\/div>\t\t<\/div>\r\n\t\t\t<\/article>\r\n<\/div><div class=\"w-grid-preloader\">\t<div class=\"g-preloader type_1\">\r\n\t\t<div><\/div>\r\n\t<\/div>\r\n\t<\/div>\t<div class=\"w-grid-json hidden\" onclick='return {&quot;action&quot;:&quot;us_ajax_grid&quot;,&quot;infinite_scroll&quot;:0,&quot;max_num_pages&quot;:1,&quot;pagination&quot;:&quot;infinite&quot;,&quot;template_vars&quot;:{&quot;columns&quot;:&quot;3&quot;,&quot;exclude_items&quot;:&quot;none&quot;,&quot;img_size&quot;:&quot;default&quot;,&quot;ignore_items_size&quot;:0,&quot;items_layout&quot;:&quot;626&quot;,&quot;items_offset&quot;:&quot;1&quot;,&quot;load_animation&quot;:&quot;afb&quot;,&quot;overriding_link&quot;:&quot;%7B%22url%22%3A%22%22%7D&quot;,&quot;post_id&quot;:0,&quot;query_args&quot;:{&quot;posts_per_page&quot;:&quot;9&quot;},&quot;orderby_query_args&quot;:{&quot;orderby&quot;:{&quot;date&quot;:&quot;DESC&quot;}},&quot;type&quot;:&quot;grid&quot;,&quot;us_grid_post_type&quot;:&quot;jpsi_podcasts&quot;,&quot;us_grid_ajax_index&quot;:1,&quot;us_grid_filter_query_string&quot;:null,&quot;us_grid_index&quot;:1,&quot;page_args&quot;:[],&quot;lang&quot;:&quot;en&quot;}}'><\/div>\r\n\t<\/div><\/div><\/div><\/div><\/div><\/div><\/div><\/div><\/section>\n","protected":false},"excerpt":{"rendered":"&nbsp; en Se voc\u00ea tem um perfil profissional, pode responder: \u201cpara divulgar o que se faz\u201d. Eu questionaria ent\u00e3o, para que est\u00e1 t\u00e3o obcecado (a) para mostrar atividades pessoais? Talvez voc\u00ea replicasse: \u201corientam para agradar os algoritmos e gerar mais engajamento\u201d. Todavia essa conversa poderia ser resumida em uma resposta \u2013 que vale para perfis...","protected":false},"author":1,"featured_media":1767,"parent":0,"menu_order":0,"comment_status":"closed","ping_status":"closed","template":"","meta":{"_acf_changed":false,"footnotes":""},"class_list":["post-1932","page","type-page","status-publish","has-post-thumbnail","hentry"],"acf":[],"_links":{"self":[{"href":"https:\/\/janiltonpsicologo.com\/en\/wp-json\/wp\/v2\/pages\/1932","targetHints":{"allow":["GET"]}}],"collection":[{"href":"https:\/\/janiltonpsicologo.com\/en\/wp-json\/wp\/v2\/pages"}],"about":[{"href":"https:\/\/janiltonpsicologo.com\/en\/wp-json\/wp\/v2\/types\/page"}],"author":[{"embeddable":true,"href":"https:\/\/janiltonpsicologo.com\/en\/wp-json\/wp\/v2\/users\/1"}],"replies":[{"embeddable":true,"href":"https:\/\/janiltonpsicologo.com\/en\/wp-json\/wp\/v2\/comments?post=1932"}],"version-history":[{"count":4,"href":"https:\/\/janiltonpsicologo.com\/en\/wp-json\/wp\/v2\/pages\/1932\/revisions"}],"predecessor-version":[{"id":1991,"href":"https:\/\/janiltonpsicologo.com\/en\/wp-json\/wp\/v2\/pages\/1932\/revisions\/1991"}],"wp:featuredmedia":[{"embeddable":true,"href":"https:\/\/janiltonpsicologo.com\/en\/wp-json\/wp\/v2\/media\/1767"}],"wp:attachment":[{"href":"https:\/\/janiltonpsicologo.com\/en\/wp-json\/wp\/v2\/media?parent=1932"}],"curies":[{"name":"wp","href":"https:\/\/api.w.org\/{rel}","templated":true}]}}