{"id":1927,"date":"2025-08-23T17:37:31","date_gmt":"2025-08-23T20:37:31","guid":{"rendered":"https:\/\/janiltonpsicologo.com\/contato\/"},"modified":"2025-12-01T22:54:29","modified_gmt":"2025-12-02T01:54:29","slug":"contato","status":"publish","type":"page","link":"https:\/\/janiltonpsicologo.com\/es\/contato\/","title":{"rendered":"Contato"},"content":{"rendered":"<section class=\"l-section wpb_row us_custom_1bed3357 height_medium\"><div class=\"l-section-h i-cf\"><div class=\"g-cols vc_row via_grid cols_1 laptops-cols_inherit tablets-cols_inherit mobiles-cols_1 valign_top type_default stacking_default\"><div class=\"wpb_column vc_column_container\"><div class=\"vc_column-inner\"><div class=\"wpb_text_column us_custom_b91fa32c has_text_color us_animate_this\"><div class=\"wpb_wrapper\"><h1>Cont\u00e1ctenos<\/h1>\n<\/div><\/div><div class=\"wpb_text_column us_custom_40635fab us_animate_this\"><div class=\"wpb_wrapper\"><p>Estamos aqu\u00ed para ti<\/p>\n<\/div><\/div><div class=\"g-cols wpb_row us_custom_31c9c9a2 httfox-page-contact-content-grid us_animate_this via_grid cols_2 laptops-cols_inherit tablets-cols_inherit mobiles-cols_1 valign_top type_default stacking_default\" style=\"--columns-gap:3rem;\"><div class=\"wpb_column vc_column_container\"><div class=\"vc_column-inner\"><div class=\"w-vwrapper align_none valign_top\" style=\"--vwrapper-gap:0rem\"><section class=\"l-section wpb_row us_custom_bcb346a5 height_auto width_full\"><div class=\"l-section-h i-cf\"><div class=\"g-cols vc_row via_grid cols_1 laptops-cols_inherit tablets-cols_inherit mobiles-cols_1 valign_top type_default stacking_default\"><div class=\"wpb_column vc_column_container\"><div class=\"vc_column-inner\"><div class=\"g-cols wpb_row us_custom_2ec8b2e4 us_animate_this via_grid cols_1 laptops-cols_inherit tablets-cols_inherit mobiles-cols_1 valign_top type_default stacking_default\" style=\"--columns-gap:3rem;\"><div class=\"wpb_column vc_column_container\"><div class=\"vc_column-inner\"><div class=\"wpb_text_column us_custom_c63c3838 httfox_display_flex httfox_justify-content_center httfox_align-items_center has_text_color\"><div class=\"wpb_wrapper\"><p>1<\/p>\n<\/div><\/div><div class=\"wpb_text_column us_custom_4a69db53\"><div class=\"wpb_wrapper\"><h5><span data-metadata=\"&lt;!--(figmeta)eyJmaWxlS2V5IjoiNUt5ZG9BZnh6TmFodFRpeXlWbTRORSIsInBhc3RlSUQiOjEwNDMzOTk5OTQsImRhdGFUeXBlIjoic2NlbmUifQo=(\/figmeta)--&gt;\"><\/span>Rellene el formulario<\/h5>\n<\/div><\/div><div class=\"wpb_text_column us_custom_8d3a5fda\"><div class=\"wpb_wrapper\"><p>Deje sus datos de contacto. <strong>Toda la informaci\u00f3n se tratar\u00e1 de forma confidencial y responsable.<\/strong><\/p>\n<\/div><\/div><\/div><\/div><\/div><div class=\"g-cols wpb_row us_custom_de6ae881 us_animate_this via_grid cols_1 laptops-cols_inherit tablets-cols_inherit mobiles-cols_1 valign_top type_default stacking_default\" style=\"--columns-gap:3rem;\"><div class=\"wpb_column vc_column_container\"><div class=\"vc_column-inner\"><div class=\"wpb_text_column us_custom_c63c3838 httfox_display_flex httfox_justify-content_center httfox_align-items_center has_text_color\"><div class=\"wpb_wrapper\"><p>2<\/p>\n<\/div><\/div><div class=\"wpb_text_column us_custom_4a69db53\"><div class=\"wpb_wrapper\"><h5><span data-metadata=\"&lt;!--(figmeta)eyJmaWxlS2V5IjoiNUt5ZG9BZnh6TmFodFRpeXlWbTRORSIsInBhc3RlSUQiOjEwNDMzOTk5OTQsImRhdGFUeXBlIjoic2NlbmUifQo=(\/figmeta)--&gt;\"><\/span>Recibir mi contacto<\/h5>\n<\/div><\/div><div class=\"wpb_text_column us_custom_8d3a5fda\"><div class=\"wpb_wrapper\"><p><span data-metadata=\"&lt;!--(figmeta)eyJmaWxlS2V5IjoiNUt5ZG9BZnh6TmFodFRpeXlWbTRORSIsInBhc3RlSUQiOjUxNTk4MjA0MSwiZGF0YVR5cGUiOiJzY2VuZSJ9Cg==(\/figmeta)--&gt;\"><\/span>Tan pronto como sea posible, me pondr\u00e9 en contacto con usted para mantener una primera conversaci\u00f3n y, juntos, pensar en la mejor forma de atenderle.<\/p>\n<\/div><\/div><\/div><\/div><\/div><\/div><\/div><\/div><\/div><\/section>\n<div class=\"w-separator size_custom\" style=\"height:2rem\"><\/div><div class=\"w-btn-wrapper align_none hide_on_mobiles\"><a class=\"w-btn us-btn-style_3 httfox-wpp-button us_custom_7666af77 us_animate_this icon_atright\" href=\"https:\/\/wa.me\/+553599936663\"><span class=\"w-btn-label\">Si lo prefieres, puedes llamarme aqu\u00ed.<\/span><i class=\"fab fa-whatsapp\"><\/i><\/a><\/div><div class=\"w-btn-wrapper align_none hide_on_default hide_on_laptops hide_on_tablets\"><a class=\"w-btn us-btn-style_3 httfox-wpp-button us_custom_7666af77 us_animate_this icon_atright\" href=\"https:\/\/wa.me\/+553599936663\"><span class=\"w-btn-label\">O puedes llamarme aqu\u00ed.<\/span><i class=\"fab fa-whatsapp\"><\/i><\/a><\/div><\/div><\/div><\/div><div class=\"wpb_column vc_column_container\"><div class=\"vc_column-inner\">\n<div class=\"wpcf7 no-js us_custom_3fee49c2 us_animate_this\" id=\"wpcf7-f1864-o1\" lang=\"es-ES\" dir=\"ltr\" data-wpcf7-id=\"1864\">\n<div class=\"screen-reader-response\"><p role=\"status\" aria-live=\"polite\" aria-atomic=\"true\"><\/p> <ul><\/ul><\/div>\n<form action=\"\/es\/wp-json\/wp\/v2\/pages\/1927#wpcf7-f1864-o1\" method=\"post\" class=\"wpcf7-form init\" aria-label=\"Formulario de contacto\" novalidate=\"novalidate\" data-status=\"init\">\n<fieldset class=\"hidden-fields-container\"><input type=\"hidden\" name=\"_wpcf7\" value=\"1864\" \/><input type=\"hidden\" name=\"_wpcf7_version\" value=\"6.1.5\" \/><input type=\"hidden\" name=\"_wpcf7_locale\" value=\"es_ES\" \/><input type=\"hidden\" name=\"_wpcf7_unit_tag\" value=\"wpcf7-f1864-o1\" \/><input type=\"hidden\" name=\"_wpcf7_container_post\" value=\"0\" \/><input type=\"hidden\" name=\"_wpcf7_posted_data_hash\" value=\"\" \/><input type=\"hidden\" name=\"_wpcf7_recaptcha_response\" value=\"\" \/>\n<\/fieldset>\n<div class=\"httfox-cf7-container httfox-column\">\n\t<p><label> Nombre <span class=\"wpcf7-form-control-wrap\" data-name=\"first-name\"><input size=\"40\" maxlength=\"400\" class=\"wpcf7-form-control wpcf7-text wpcf7-validates-as-required\" autocomplete=\"name\" aria-required=\"true\" aria-invalid=\"false\" placeholder=\"Lucas\" value=\"\" type=\"text\" name=\"first-name\" \/><\/span> <\/label>\n\t<\/p>\n\t<p><label> Apelido <span class=\"wpcf7-form-control-wrap\" data-name=\"last-name\"><input size=\"40\" maxlength=\"400\" class=\"wpcf7-form-control wpcf7-text wpcf7-validates-as-required\" autocomplete=\"lastname\" aria-required=\"true\" aria-invalid=\"false\" placeholder=\"Cordeiro\" value=\"\" type=\"text\" name=\"last-name\" \/><\/span> <\/label>\n\t<\/p>\n\t<p><label> Correo electr\u00f3nico <span class=\"wpcf7-form-control-wrap\" data-name=\"email\"><input size=\"40\" maxlength=\"400\" class=\"wpcf7-form-control wpcf7-email wpcf7-validates-as-required wpcf7-text wpcf7-validates-as-email\" autocomplete=\"email\" aria-required=\"true\" aria-invalid=\"false\" placeholder=\"email@gmail.com\" value=\"\" type=\"email\" name=\"email\" \/><\/span> <\/label>\n\t<\/p>\n\t<p><label> Tel\u00e9fono <span class=\"wpcf7-form-control-wrap\" data-name=\"phone\"><input size=\"40\" class=\"wpcf7-form-control wpcf7-phonetext wpcf7-validates-as-required wpcf7-text wpcf7-validates-as-phonetext\" autocomplete=\"tel\" aria-required=\"true\" aria-invalid=\"false\" placeholder=\"(DDD) 99999-9999\" value=\"\" type=\"text\" name=\"phone\" \/><input type=\"hidden\" name=\"phone-country-code\" class=\"wpcf7-phonetext-country-code\" \/><\/span> <\/label>\n\t<\/p>\n\t<div class=\"httfox-accept\">\n\t\t<p><span class=\"wpcf7-form-control-wrap\" data-name=\"acceptance-248\"><span class=\"wpcf7-form-control wpcf7-acceptance\"><span class=\"wpcf7-list-item\"><label><input type=\"checkbox\" name=\"acceptance-248\" value=\"1\" aria-invalid=\"false\" \/><span class=\"wpcf7-list-item-label\">Al registrarse, usted acepta nuestra <a href=\"\/es\/politica-de-privacidad\/\" target=\"_blank\">Pol\u00edtica de privacidad<\/a> e <a href=\"\/es\/terminos-de-uso\/\">T\u00e9rminos de uso<\/a><\/span><\/label><\/span><\/span><\/span>\n\t\t<\/p>\n\t<\/div>\n\t<div>\n\t\t<p><input class=\"wpcf7-form-control wpcf7-submit has-spinner\" type=\"submit\" value=\"Enviar un mensaje\" \/>\n\t\t<\/p>\n\t<\/div>\n\t<div class=\"httfox-reCaptcha_info\">\n\t\t<p>Este site \u00e9 protegido pelo Google reCAPTCHA. Confira a <a href=\"https:\/\/policies.google.com\/privacy\" target=\"_blank\">Pol\u00edtica de Privacidad<\/a> y nuestros <a href=\"https:\/\/policies.google.com\/terms\" target=\"_blank\">T\u00e9rminos de uso.<\/a>.\n\t\t<\/p>\n\t<\/div>\n<\/div><div class=\"wpcf7-response-output\" aria-hidden=\"true\"><\/div>\n<\/form>\n<\/div>\n<\/div><\/div><\/div><\/div><\/div><\/div><\/div><\/section>\n","protected":false},"excerpt":{"rendered":"Cont\u00e1ctenos Estamos aqu\u00ed para ti 1 Rellene el formulario Deje sus datos de contacto. Toda la informaci\u00f3n se tratar\u00e1 de forma confidencial y responsable. 2 Recibir mi contacto Tan pronto como sea posible, me pondr\u00e9 en contacto con usted para mantener una primera conversaci\u00f3n y, juntos, pensar en la mejor forma de atenderle. Si lo...","protected":false},"author":1,"featured_media":1768,"parent":0,"menu_order":0,"comment_status":"closed","ping_status":"closed","template":"","meta":{"_acf_changed":false,"footnotes":""},"class_list":["post-1927","page","type-page","status-publish","has-post-thumbnail","hentry"],"acf":[],"_links":{"self":[{"href":"https:\/\/janiltonpsicologo.com\/es\/wp-json\/wp\/v2\/pages\/1927","targetHints":{"allow":["GET"]}}],"collection":[{"href":"https:\/\/janiltonpsicologo.com\/es\/wp-json\/wp\/v2\/pages"}],"about":[{"href":"https:\/\/janiltonpsicologo.com\/es\/wp-json\/wp\/v2\/types\/page"}],"author":[{"embeddable":true,"href":"https:\/\/janiltonpsicologo.com\/es\/wp-json\/wp\/v2\/users\/1"}],"replies":[{"embeddable":true,"href":"https:\/\/janiltonpsicologo.com\/es\/wp-json\/wp\/v2\/comments?post=1927"}],"version-history":[{"count":1,"href":"https:\/\/janiltonpsicologo.com\/es\/wp-json\/wp\/v2\/pages\/1927\/revisions"}],"predecessor-version":[{"id":1928,"href":"https:\/\/janiltonpsicologo.com\/es\/wp-json\/wp\/v2\/pages\/1927\/revisions\/1928"}],"wp:featuredmedia":[{"embeddable":true,"href":"https:\/\/janiltonpsicologo.com\/es\/wp-json\/wp\/v2\/media\/1768"}],"wp:attachment":[{"href":"https:\/\/janiltonpsicologo.com\/es\/wp-json\/wp\/v2\/media?parent=1927"}],"curies":[{"name":"wp","href":"https:\/\/api.w.org\/{rel}","templated":true}]}}