{"id":1937,"date":"2025-08-23T17:36:50","date_gmt":"2025-08-23T20:36:50","guid":{"rendered":"https:\/\/janiltonpsicologo.com\/podcasts\/"},"modified":"2025-12-13T09:59:19","modified_gmt":"2025-12-13T12:59:19","slug":"podcasts","status":"publish","type":"page","link":"https:\/\/janiltonpsicologo.com\/es\/podcasts\/","title":{"rendered":"Podcasts"},"content":{"rendered":"<section class=\"l-section wpb_row height_medium\"><div class=\"l-section-h i-cf\"><div class=\"g-cols vc_row via_grid cols_1 laptops-cols_inherit tablets-cols_inherit mobiles-cols_1 valign_top type_default stacking_default\"><div class=\"wpb_column vc_column_container\"><div class=\"vc_column-inner\"><div class=\"wpb_text_column us_custom_ba77a1ad us_animate_this\"><div class=\"wpb_wrapper\"><p>PODCAST<\/p>\n<\/div><\/div><div class=\"wpb_text_column us_custom_732d1a34 has_text_color us_animate_this\"><div class=\"wpb_wrapper\"><h1>Psicoan\u00e1lisis Conectado<\/h1>\n<\/div><\/div><div class=\"wpb_text_column us_custom_00bb4eab us_animate_this\"><div class=\"wpb_wrapper\"><p>Con M\u00f4nica Martins de Godoy Fonseca y Janilton Gabriel de Souza. En este p\u00f3dcast, fluye una conversaci\u00f3n po\u00e9tica sobre temas que atraviesan el psicoan\u00e1lisis, la salud mental y la vida. Sin jerga. Sin misterios. Con escucha y afecto.<\/p>\n<\/div><\/div><div class=\"g-cols wpb_row via_grid cols_1 laptops-cols_inherit tablets-cols_inherit mobiles-cols_1 valign_top type_default stacking_default\" style=\"--columns-gap:3rem;\" id=\"mobile\"><div class=\"wpb_column vc_column_container\"><div class=\"vc_column-inner\"><form class=\"w-filter for_grid state_desktop us-field-style_1 us_custom_4f24afa8 layout_hor items_1 mod_side style_switch_default align_center drop_on_hover hide_item_title hide_disabled_values\" action onsubmit=\"return false;\" onclick='return {&quot;filterPrefix&quot;:&quot;filter&quot;,&quot;hideDisabledValues&quot;:true,&quot;layout&quot;:&quot;hor&quot;,&quot;mobileWidth&quot;:600,&quot;use_grid&quot;:&quot;first&quot;,&quot;gridNotFoundMessage&quot;:&quot;Nothing to filter. Add a suitable Grid to this page.&quot;}'><div class=\"w-filter-list\"><div class=\"w-filter-list-title\">Filtros<\/div><button class=\"w-filter-list-closer\" title=\"Cerrar\" aria-label=\"Cerrar\"><\/button><\/div><div class=\"w-filter-json-filters-args hidden\" onclick='return {&quot;taxonomies_query_args&quot;:{&quot;tax|category&quot;:{&quot;articulo&quot;:{&quot;fields&quot;:&quot;ids&quot;,&quot;nopaging&quot;:true,&quot;post_status&quot;:[&quot;publish&quot;,&quot;acf-disabled&quot;,&quot;inherit&quot;],&quot;post_type&quot;:[],&quot;posts_per_page&quot;:1,&quot;suppress_filters&quot;:true,&quot;tax_query&quot;:[{&quot;taxonomy&quot;:&quot;category&quot;,&quot;field&quot;:&quot;slug&quot;,&quot;terms&quot;:&quot;articulo&quot;}]},&quot;autoestima&quot;:{&quot;fields&quot;:&quot;ids&quot;,&quot;nopaging&quot;:true,&quot;post_status&quot;:[&quot;publish&quot;,&quot;acf-disabled&quot;,&quot;inherit&quot;],&quot;post_type&quot;:[],&quot;posts_per_page&quot;:1,&quot;suppress_filters&quot;:true,&quot;tax_query&quot;:[{&quot;taxonomy&quot;:&quot;category&quot;,&quot;field&quot;:&quot;slug&quot;,&quot;terms&quot;:&quot;autoestima&quot;}]},&quot;bienestar&quot;:{&quot;fields&quot;:&quot;ids&quot;,&quot;nopaging&quot;:true,&quot;post_status&quot;:[&quot;publish&quot;,&quot;acf-disabled&quot;,&quot;inherit&quot;],&quot;post_type&quot;:[],&quot;posts_per_page&quot;:1,&quot;suppress_filters&quot;:true,&quot;tax_query&quot;:[{&quot;taxonomy&quot;:&quot;category&quot;,&quot;field&quot;:&quot;slug&quot;,&quot;terms&quot;:&quot;bienestar&quot;}]},&quot;estilo-de-vida&quot;:{&quot;fields&quot;:&quot;ids&quot;,&quot;nopaging&quot;:true,&quot;post_status&quot;:[&quot;publish&quot;,&quot;acf-disabled&quot;,&quot;inherit&quot;],&quot;post_type&quot;:[],&quot;posts_per_page&quot;:1,&quot;suppress_filters&quot;:true,&quot;tax_query&quot;:[{&quot;taxonomy&quot;:&quot;category&quot;,&quot;field&quot;:&quot;slug&quot;,&quot;terms&quot;:&quot;estilo-de-vida&quot;}]},&quot;libro&quot;:{&quot;fields&quot;:&quot;ids&quot;,&quot;nopaging&quot;:true,&quot;post_status&quot;:[&quot;publish&quot;,&quot;acf-disabled&quot;,&quot;inherit&quot;],&quot;post_type&quot;:[],&quot;posts_per_page&quot;:1,&quot;suppress_filters&quot;:true,&quot;tax_query&quot;:[{&quot;taxonomy&quot;:&quot;category&quot;,&quot;field&quot;:&quot;slug&quot;,&quot;terms&quot;:&quot;libro&quot;}]},&quot;libro-electronico&quot;:{&quot;fields&quot;:&quot;ids&quot;,&quot;nopaging&quot;:true,&quot;post_status&quot;:[&quot;publish&quot;,&quot;acf-disabled&quot;,&quot;inherit&quot;],&quot;post_type&quot;:[],&quot;posts_per_page&quot;:1,&quot;suppress_filters&quot;:true,&quot;tax_query&quot;:[{&quot;taxonomy&quot;:&quot;category&quot;,&quot;field&quot;:&quot;slug&quot;,&quot;terms&quot;:&quot;libro-electronico&quot;}]},&quot;noticias&quot;:{&quot;fields&quot;:&quot;ids&quot;,&quot;nopaging&quot;:true,&quot;post_status&quot;:[&quot;publish&quot;,&quot;acf-disabled&quot;,&quot;inherit&quot;],&quot;post_type&quot;:[],&quot;posts_per_page&quot;:1,&quot;suppress_filters&quot;:true,&quot;tax_query&quot;:[{&quot;taxonomy&quot;:&quot;category&quot;,&quot;field&quot;:&quot;slug&quot;,&quot;terms&quot;:&quot;noticias&quot;}]},&quot;sicoanalisis-conectado&quot;:{&quot;fields&quot;:&quot;ids&quot;,&quot;nopaging&quot;:true,&quot;post_status&quot;:[&quot;publish&quot;,&quot;acf-disabled&quot;,&quot;inherit&quot;],&quot;post_type&quot;:[],&quot;posts_per_page&quot;:1,&quot;suppress_filters&quot;:true,&quot;tax_query&quot;:[{&quot;taxonomy&quot;:&quot;category&quot;,&quot;field&quot;:&quot;slug&quot;,&quot;terms&quot;:&quot;sicoanalisis-conectado&quot;}]}}}}'><\/div><\/form><div class=\"w-grid type_grid layout_626 hidden cols_3 pagination_infinite with_css_animation\" id=\"us_grid_1\" style=\"--columns:3;--gap:1.5rem;\" data-filterable=\"true\"><style>@media (max-width:1024px){#us_grid_1{--columns:2!important}}@media (max-width:600px){#us_grid_1{--columns:1!important}}.layout_626 .w-grid-item-h{}.layout_626 .usg_post_image_1{overflow:hidden!important}.layout_626 .usg_vwrapper_1{border-radius:2rem!important;overflow:hidden!important;background:#B6DBFF!important}.layout_626 .usg_vwrapper_2{background:#B6DBFF!important;padding:2.5rem 2.5rem 0 2.5rem!important}.layout_626 .usg_post_title_1{color:var(--color-content-heading)!important;font-size:1.5!important;font-weight:700!important;margin-bottom:0.625rem!important}.layout_626 .usg_btn_1{max-width:5rem!important}.layout_626 .usg_vwrapper_3{position:relative!important}.layout_626 .usg_post_content_1{font-size:1rem!important;font-family:var(--h1-font-family)!important;margin-bottom:1.375rem!important}.layout_626 .usg_hwrapper_1{margin-bottom:1.4375rem!important}.layout_626 .usg_text_2{color:var(--color-content-primary)!important;font-size:1rem!important;font-family:var(--h1-font-family)!important;font-weight:600!important}.layout_626 .usg_post_custom_field_1{color:var(--color-content-primary)!important;font-size:1rem!important;font-family:var(--h1-font-family)!important;font-weight:600!important}.layout_626 .usg_text_3{color:var(--color-content-primary)!important;font-size:24px!important;font-family:var(--h1-font-family)!important}.layout_626 .usg_post_taxonomy_1{color:#000!important;font-size:1rem!important;font-family:var(--h1-font-family)!important}.layout_626 .usg_vwrapper_4{margin-top:auto!important;margin-bottom:0!important;padding:0 2.5rem 2.5rem 2.5rem!important}<\/style><div class=\"w-grid-list\"><\/div><div class=\"w-grid-preloader\">\t<div class=\"g-preloader type_1\">\r\n\t\t<div><\/div>\r\n\t<\/div>\r\n\t<\/div>\t<div class=\"w-grid-json hidden\" onclick='return {&quot;action&quot;:&quot;us_ajax_grid&quot;,&quot;infinite_scroll&quot;:0,&quot;max_num_pages&quot;:0,&quot;pagination&quot;:&quot;infinite&quot;,&quot;template_vars&quot;:{&quot;columns&quot;:&quot;3&quot;,&quot;exclude_items&quot;:&quot;none&quot;,&quot;img_size&quot;:&quot;default&quot;,&quot;ignore_items_size&quot;:0,&quot;items_layout&quot;:&quot;626&quot;,&quot;items_offset&quot;:&quot;1&quot;,&quot;load_animation&quot;:&quot;afb&quot;,&quot;overriding_link&quot;:&quot;%7B%22url%22%3A%22%22%7D&quot;,&quot;post_id&quot;:0,&quot;query_args&quot;:{&quot;posts_per_page&quot;:&quot;9&quot;},&quot;orderby_query_args&quot;:{&quot;orderby&quot;:{&quot;date&quot;:&quot;DESC&quot;}},&quot;type&quot;:&quot;grid&quot;,&quot;us_grid_post_type&quot;:&quot;jpsi_podcasts&quot;,&quot;us_grid_ajax_index&quot;:1,&quot;us_grid_filter_query_string&quot;:null,&quot;us_grid_index&quot;:1,&quot;page_args&quot;:[],&quot;lang&quot;:&quot;es&quot;}}'><\/div>\r\n\t<\/div><\/div><\/div><\/div><\/div><\/div><\/div><\/div><\/section>\n","protected":false},"excerpt":{"rendered":"PODCAST Psicoan\u00e1lisis Conectado Con M\u00f4nica Martins de Godoy Fonseca y Janilton Gabriel de Souza. En este p\u00f3dcast, fluye una conversaci\u00f3n po\u00e9tica sobre temas que atraviesan el psicoan\u00e1lisis, la salud mental y la vida. Sin jerga. Sin misterios. Con escucha y afecto. Filtros","protected":false},"author":1,"featured_media":1768,"parent":0,"menu_order":0,"comment_status":"closed","ping_status":"closed","template":"","meta":{"_acf_changed":false,"footnotes":""},"class_list":["post-1937","page","type-page","status-publish","has-post-thumbnail","hentry"],"acf":[],"_links":{"self":[{"href":"https:\/\/janiltonpsicologo.com\/es\/wp-json\/wp\/v2\/pages\/1937","targetHints":{"allow":["GET"]}}],"collection":[{"href":"https:\/\/janiltonpsicologo.com\/es\/wp-json\/wp\/v2\/pages"}],"about":[{"href":"https:\/\/janiltonpsicologo.com\/es\/wp-json\/wp\/v2\/types\/page"}],"author":[{"embeddable":true,"href":"https:\/\/janiltonpsicologo.com\/es\/wp-json\/wp\/v2\/users\/1"}],"replies":[{"embeddable":true,"href":"https:\/\/janiltonpsicologo.com\/es\/wp-json\/wp\/v2\/comments?post=1937"}],"version-history":[{"count":2,"href":"https:\/\/janiltonpsicologo.com\/es\/wp-json\/wp\/v2\/pages\/1937\/revisions"}],"predecessor-version":[{"id":1993,"href":"https:\/\/janiltonpsicologo.com\/es\/wp-json\/wp\/v2\/pages\/1937\/revisions\/1993"}],"wp:featuredmedia":[{"embeddable":true,"href":"https:\/\/janiltonpsicologo.com\/es\/wp-json\/wp\/v2\/media\/1768"}],"wp:attachment":[{"href":"https:\/\/janiltonpsicologo.com\/es\/wp-json\/wp\/v2\/media?parent=1937"}],"curies":[{"name":"wp","href":"https:\/\/api.w.org\/{rel}","templated":true}]}}