{"id":1924,"date":"2025-08-23T17:37:31","date_gmt":"2025-08-23T20:37:31","guid":{"rendered":"https:\/\/janiltonpsicologo.com\/contato\/"},"modified":"2025-12-02T00:05:53","modified_gmt":"2025-12-02T03:05:53","slug":"contact","status":"publish","type":"page","link":"https:\/\/janiltonpsicologo.com\/fr\/contact\/","title":{"rendered":"Contact"},"content":{"rendered":"<section class=\"l-section wpb_row us_custom_1bed3357 height_medium\"><div class=\"l-section-h i-cf\"><div class=\"g-cols vc_row via_grid cols_1 laptops-cols_inherit tablets-cols_inherit mobiles-cols_1 valign_top type_default stacking_default\"><div class=\"wpb_column vc_column_container\"><div class=\"vc_column-inner\"><div class=\"wpb_text_column us_custom_b91fa32c has_text_color us_animate_this\"><div class=\"wpb_wrapper\"><h1>Contactez-nous<\/h1>\n<\/div><\/div><div class=\"wpb_text_column us_custom_40635fab us_animate_this\"><div class=\"wpb_wrapper\"><p>Nous sommes l\u00e0 pour vous<\/p>\n<\/div><\/div><div class=\"g-cols wpb_row us_custom_31c9c9a2 httfox-page-contact-content-grid us_animate_this via_grid cols_2 laptops-cols_inherit tablets-cols_inherit mobiles-cols_1 valign_top type_default stacking_default\" style=\"--columns-gap:3rem;\"><div class=\"wpb_column vc_column_container\"><div class=\"vc_column-inner\"><div class=\"w-vwrapper align_none valign_top\" style=\"--vwrapper-gap:0rem\"><section class=\"l-section wpb_row us_custom_bcb346a5 height_auto width_full\"><div class=\"l-section-h i-cf\"><div class=\"g-cols vc_row via_grid cols_1 laptops-cols_inherit tablets-cols_inherit mobiles-cols_1 valign_top type_default stacking_default\"><div class=\"wpb_column vc_column_container\"><div class=\"vc_column-inner\"><div class=\"g-cols wpb_row us_custom_2ec8b2e4 us_animate_this via_grid cols_1 laptops-cols_inherit tablets-cols_inherit mobiles-cols_1 valign_top type_default stacking_default\" style=\"--columns-gap:3rem;\"><div class=\"wpb_column vc_column_container\"><div class=\"vc_column-inner\"><div class=\"wpb_text_column us_custom_c63c3838 httfox_display_flex httfox_justify-content_center httfox_align-items_center has_text_color\"><div class=\"wpb_wrapper\"><p>1<\/p>\n<\/div><\/div><div class=\"wpb_text_column us_custom_4a69db53\"><div class=\"wpb_wrapper\"><h5><span data-metadata=\"&lt;!--(figmeta)eyJmaWxlS2V5IjoiNUt5ZG9BZnh6TmFodFRpeXlWbTRORSIsInBhc3RlSUQiOjEwNDMzOTk5OTQsImRhdGFUeXBlIjoic2NlbmUifQo=(\/figmeta)--&gt;\"><\/span>Remplissez le formulaire<\/h5>\n<\/div><\/div><div class=\"wpb_text_column us_custom_8d3a5fda\"><div class=\"wpb_wrapper\"><p>Laissez vos coordonn\u00e9es. Toutes les informations seront trait\u00e9es avec confidentialit\u00e9 et responsabilit\u00e9.<\/p>\n<\/div><\/div><\/div><\/div><\/div><div class=\"g-cols wpb_row us_custom_de6ae881 us_animate_this via_grid cols_1 laptops-cols_inherit tablets-cols_inherit mobiles-cols_1 valign_top type_default stacking_default\" style=\"--columns-gap:3rem;\"><div class=\"wpb_column vc_column_container\"><div class=\"vc_column-inner\"><div class=\"wpb_text_column us_custom_c63c3838 httfox_display_flex httfox_justify-content_center httfox_align-items_center has_text_color\"><div class=\"wpb_wrapper\"><p>2<\/p>\n<\/div><\/div><div class=\"wpb_text_column us_custom_4a69db53\"><div class=\"wpb_wrapper\"><h5><span data-metadata=\"&lt;!--(figmeta)eyJmaWxlS2V5IjoiNUt5ZG9BZnh6TmFodFRpeXlWbTRORSIsInBhc3RlSUQiOjEwNDMzOTk5OTQsImRhdGFUeXBlIjoic2NlbmUifQo=(\/figmeta)--&gt;\"><\/span>Recevoir mon contact<\/h5>\n<\/div><\/div><div class=\"wpb_text_column us_custom_8d3a5fda\"><div class=\"wpb_wrapper\"><p><span data-metadata=\"&lt;!--(figmeta)eyJmaWxlS2V5IjoiNUt5ZG9BZnh6TmFodFRpeXlWbTRORSIsInBhc3RlSUQiOjUxNTk4MjA0MSwiZGF0YVR5cGUiOiJzY2VuZSJ9Cg==(\/figmeta)--&gt;\"><\/span>D\u00e8s que possible, je vous contacterai pour un premier \u00e9change afin que nous puissions, ensemble, r\u00e9fl\u00e9chir au meilleur chemin pour la consultation.<\/p>\n<\/div><\/div><\/div><\/div><\/div><\/div><\/div><\/div><\/div><\/section>\n<div class=\"w-separator size_custom\" style=\"height:2rem\"><\/div><div class=\"w-btn-wrapper align_none hide_on_mobiles\"><a class=\"w-btn us-btn-style_3 httfox-wpp-button us_custom_7666af77 us_animate_this icon_atright\" href=\"https:\/\/wa.me\/+553599936663\"><span class=\"w-btn-label\">Si vous pr\u00e9f\u00e9rez, vous pouvez m&rsquo;appeler ici.<\/span><i class=\"fab fa-whatsapp\"><\/i><\/a><\/div><div class=\"w-btn-wrapper align_none hide_on_default hide_on_laptops hide_on_tablets\"><a class=\"w-btn us-btn-style_3 httfox-wpp-button us_custom_7666af77 us_animate_this icon_atright\" href=\"https:\/\/wa.me\/+553599936663\"><span class=\"w-btn-label\">Ou tu peux m&rsquo;appeler ici.<\/span><i class=\"fab fa-whatsapp\"><\/i><\/a><\/div><\/div><\/div><\/div><div class=\"wpb_column vc_column_container\"><div class=\"vc_column-inner\">\n<div class=\"wpcf7 no-js us_custom_3fee49c2 us_animate_this\" id=\"wpcf7-f1972-o1\" lang=\"fr-FR\" dir=\"ltr\" data-wpcf7-id=\"1972\">\n<div class=\"screen-reader-response\"><p role=\"status\" aria-live=\"polite\" aria-atomic=\"true\"><\/p> <ul><\/ul><\/div>\n<form action=\"\/fr\/wp-json\/wp\/v2\/pages\/1924#wpcf7-f1972-o1\" method=\"post\" class=\"wpcf7-form init\" aria-label=\"Formulaire de contact\" novalidate=\"novalidate\" data-status=\"init\">\n<fieldset class=\"hidden-fields-container\"><input type=\"hidden\" name=\"_wpcf7\" value=\"1972\" \/><input type=\"hidden\" name=\"_wpcf7_version\" value=\"6.1.5\" \/><input type=\"hidden\" name=\"_wpcf7_locale\" value=\"fr_FR\" \/><input type=\"hidden\" name=\"_wpcf7_unit_tag\" value=\"wpcf7-f1972-o1\" \/><input type=\"hidden\" name=\"_wpcf7_container_post\" value=\"0\" \/><input type=\"hidden\" name=\"_wpcf7_posted_data_hash\" value=\"\" \/><input type=\"hidden\" name=\"_wpcf7_recaptcha_response\" value=\"\" \/>\n<\/fieldset>\n<div class=\"httfox-cf7-container httfox-column\">\n\t<p><label> Nom <span class=\"wpcf7-form-control-wrap\" data-name=\"first-name\"><input size=\"40\" maxlength=\"400\" class=\"wpcf7-form-control wpcf7-text wpcf7-validates-as-required\" autocomplete=\"name\" aria-required=\"true\" aria-invalid=\"false\" placeholder=\"Lucas\" value=\"\" type=\"text\" name=\"first-name\" \/><\/span> <\/label>\n\t<\/p>\n\t<p><label> Nom de famille <span class=\"wpcf7-form-control-wrap\" data-name=\"last-name\"><input size=\"40\" maxlength=\"400\" class=\"wpcf7-form-control wpcf7-text wpcf7-validates-as-required\" autocomplete=\"lastname\" aria-required=\"true\" aria-invalid=\"false\" placeholder=\"Cordeiro\" value=\"\" type=\"text\" name=\"last-name\" \/><\/span> <\/label>\n\t<\/p>\n\t<p><label> Email <span class=\"wpcf7-form-control-wrap\" data-name=\"email\"><input size=\"40\" maxlength=\"400\" class=\"wpcf7-form-control wpcf7-email wpcf7-validates-as-required wpcf7-text wpcf7-validates-as-email\" autocomplete=\"email\" aria-required=\"true\" aria-invalid=\"false\" placeholder=\"email@gmail.com\" value=\"\" type=\"email\" name=\"email\" \/><\/span> <\/label>\n\t<\/p>\n\t<p><label> T\u00e9l\u00e9phone <span class=\"wpcf7-form-control-wrap\" data-name=\"phone\"><input size=\"40\" class=\"wpcf7-form-control wpcf7-phonetext wpcf7-validates-as-required wpcf7-text wpcf7-validates-as-phonetext\" autocomplete=\"tel\" aria-required=\"true\" aria-invalid=\"false\" placeholder=\"(DDD) 99999-9999\" value=\"\" type=\"text\" name=\"phone\" \/><input type=\"hidden\" name=\"phone-country-code\" class=\"wpcf7-phonetext-country-code\" \/><\/span> <\/label>\n\t<\/p>\n\t<div class=\"httfox-accept\">\n\t\t<p><span class=\"wpcf7-form-control-wrap\" data-name=\"acceptance-248\"><span class=\"wpcf7-form-control wpcf7-acceptance\"><span class=\"wpcf7-list-item\"><label><input type=\"checkbox\" name=\"acceptance-248\" value=\"1\" aria-invalid=\"false\" \/><span class=\"wpcf7-list-item-label\">En vous inscrivant, vous acceptez notre <a href=\"fr\/politique-de-confidentialite\/\" target=\"_blank\">Politique de confidentialit\u00e9<\/a> et nos <a href=\"\/fr\/conditions-dutilisation\/\">Conditions d'utilisation<\/a><\/span><\/label><\/span><\/span><\/span>\n\t\t<\/p>\n\t<\/div>\n\t<div>\n\t\t<p><input class=\"wpcf7-form-control wpcf7-submit has-spinner\" type=\"submit\" value=\"Envoyer le message\" \/>\n\t\t<\/p>\n\t<\/div>\n\t<div class=\"httfox-reCaptcha_info\">\n\t\t<p>Ce site est prot\u00e9g\u00e9 par Google reCAPTCHA. Veuillez consulter la <a href=\"https:\/\/policies.google.com\/privacy\" target=\"_blank\">Politique de confidentialit\u00e9<\/a> et les <a href=\"https:\/\/policies.google.com\/terms\" target=\"_blank\">Conditions d'utilisation<\/a>.\n\t\t<\/p>\n\t<\/div>\n<\/div><div class=\"wpcf7-response-output\" aria-hidden=\"true\"><\/div>\n<\/form>\n<\/div>\n<\/div><\/div><\/div><\/div><\/div><\/div><\/div><\/section>\n","protected":false},"excerpt":{"rendered":"Contactez-nous Nous sommes l\u00e0 pour vous 1 Remplissez le formulaire Laissez vos coordonn\u00e9es. Toutes les informations seront trait\u00e9es avec confidentialit\u00e9 et responsabilit\u00e9. 2 Recevoir mon contact D\u00e8s que possible, je vous contacterai pour un premier \u00e9change afin que nous puissions, ensemble, r\u00e9fl\u00e9chir au meilleur chemin pour la consultation. Si vous pr\u00e9f\u00e9rez, vous pouvez m&rsquo;appeler ici.Ou...","protected":false},"author":1,"featured_media":1886,"parent":0,"menu_order":0,"comment_status":"closed","ping_status":"closed","template":"","meta":{"_acf_changed":false,"footnotes":""},"class_list":["post-1924","page","type-page","status-publish","has-post-thumbnail","hentry"],"acf":[],"_links":{"self":[{"href":"https:\/\/janiltonpsicologo.com\/fr\/wp-json\/wp\/v2\/pages\/1924","targetHints":{"allow":["GET"]}}],"collection":[{"href":"https:\/\/janiltonpsicologo.com\/fr\/wp-json\/wp\/v2\/pages"}],"about":[{"href":"https:\/\/janiltonpsicologo.com\/fr\/wp-json\/wp\/v2\/types\/page"}],"author":[{"embeddable":true,"href":"https:\/\/janiltonpsicologo.com\/fr\/wp-json\/wp\/v2\/users\/1"}],"replies":[{"embeddable":true,"href":"https:\/\/janiltonpsicologo.com\/fr\/wp-json\/wp\/v2\/comments?post=1924"}],"version-history":[{"count":3,"href":"https:\/\/janiltonpsicologo.com\/fr\/wp-json\/wp\/v2\/pages\/1924\/revisions"}],"predecessor-version":[{"id":1960,"href":"https:\/\/janiltonpsicologo.com\/fr\/wp-json\/wp\/v2\/pages\/1924\/revisions\/1960"}],"wp:featuredmedia":[{"embeddable":true,"href":"https:\/\/janiltonpsicologo.com\/fr\/wp-json\/wp\/v2\/media\/1886"}],"wp:attachment":[{"href":"https:\/\/janiltonpsicologo.com\/fr\/wp-json\/wp\/v2\/media?parent=1924"}],"curies":[{"name":"wp","href":"https:\/\/api.w.org\/{rel}","templated":true}]}}