{"id":1944,"date":"2025-08-23T17:36:34","date_gmt":"2025-08-23T20:36:34","guid":{"rendered":"https:\/\/janiltonpsicologo.com\/conteudos\/"},"modified":"2026-04-22T18:54:35","modified_gmt":"2026-04-22T21:54:35","slug":"contenu","status":"publish","type":"page","link":"https:\/\/janiltonpsicologo.com\/fr\/contenu\/","title":{"rendered":"Contenu"},"content":{"rendered":"<section class=\"l-section wpb_row height_large\"><div class=\"l-section-h i-cf\"><div class=\"g-cols vc_row via_grid cols_1 laptops-cols_inherit tablets-cols_inherit mobiles-cols_1 valign_top type_default stacking_default\"><div class=\"wpb_column vc_column_container\"><div class=\"vc_column-inner\"><div class=\"wpb_text_column us_custom_545d26f4\"><div class=\"wpb_wrapper\"><p>Explorez et Approfondissez<\/p>\n<\/div><\/div><div class=\"wpb_text_column us_custom_1609f429 has_text_color\"><div class=\"wpb_wrapper\"><h1>Tout en un seul endroit pour votre \u00e9volution et bien-\u00eatre.<\/h1>\n<\/div><\/div><\/div><\/div><\/div><\/div><\/section><section class=\"l-section wpb_row us_custom_d19857a7 height_medium\"><div class=\"l-section-h i-cf\"><div class=\"g-cols vc_row via_grid cols_1 laptops-cols_inherit tablets-cols_inherit mobiles-cols_1 valign_top type_default stacking_default\"><div class=\"wpb_column vc_column_container\"><div class=\"vc_column-inner\"><div class=\"g-cols wpb_row via_grid cols_1 laptops-cols_inherit tablets-cols_inherit mobiles-cols_1 valign_top type_default stacking_default\" style=\"--columns-gap:3rem;\"><div class=\"wpb_column vc_column_container\"><div class=\"vc_column-inner\"><div class=\"w-html us_custom_dfcf0127 has_text_color\"><div class=\"httfox-tag\">\n  <p>Videocast<\/p>\n  <i class=\"fi fi-rr-play-alt\"><\/i>\n<\/div><\/div><div class=\"wpb_text_column us_custom_3f76cc8f has_text_color\"><div class=\"wpb_wrapper\"><h3>Des conversations qui inspirent<\/h3>\n<\/div><\/div><div class=\"wpb_text_column us_custom_94e1fff0\"><div class=\"wpb_wrapper\"><p>Des rencontres autour d&rsquo;id\u00e9es qui font r\u00e9fl\u00e9chir. Des dialogues qui respirent et r\u00e9sonnent.<\/p>\n<\/div><\/div><div class=\"w-grid us_custom_844f4a3b type_carousel layout_536 hidden items_3\" id=\"us_grid_1\" style=\"--items:3;--gap:0.6rem;\"><style>.layout_536 .w-grid-item-h{}.layout_536 .usg_image_1{transition-duration:0.3s;transform-origin:-50% -50%;transform:scale(1) translate(0%,0%)}.layout_536 .w-grid-item-h:focus-within .usg_image_1,.layout_536 .w-grid-item-h:hover .usg_image_1{transform:scale(1.4) translate(0%,0%);opacity:1}.layout_536 .usg_post_image_1{margin-bottom:1.25rem!important;border-radius:0.75rem!important;overflow:hidden!important}.layout_536 .usg_vwrapper_2{padding-left:2.9375rem!important;padding-right:2.9375rem!important}.layout_536 .usg_post_title_1{color:#000!important;font-size:1rem!important;font-weight:700!important;margin-bottom:1.25rem!important}.layout_536 .usg_btn_1{max-width:6.125rem!important}.layout_536 .usg_vwrapper_3{position:relative!important}.layout_536 .usg_image_1{position:absolute!important;left:50%!important;top:50%!important;transform:translate(-50%,-50%)!important}@media (min-width:1025px) and (max-width:1380px){.layout_536 .usg_vwrapper_2{padding-left:1.25rem!important;padding-right:1.25rem!important}}@media (min-width:601px) and (max-width:1024px){.layout_536 .usg_vwrapper_2{padding-left:1.25rem!important;padding-right:1.25rem!important}}@media (max-width:600px){.layout_536 .usg_vwrapper_2{padding-left:1.25rem!important;padding-right:1.25rem!important}}<\/style><div class=\"w-grid-list owl-carousel valign_stretch dotstyle_circle navstyle_circle navpos_outside owl-responsive-2000 with_dots\" style=\"--transition-duration:350ms;\"><\/div>\t<div class=\"g-preloader type_1\">\r\n\t\t<div><\/div>\r\n\t<\/div>\r\n\t\t<div class=\"w-grid-json hidden\" onclick='return {&quot;action&quot;:&quot;us_ajax_grid&quot;,&quot;infinite_scroll&quot;:0,&quot;max_num_pages&quot;:0,&quot;pagination&quot;:&quot;none&quot;,&quot;template_vars&quot;:{&quot;columns&quot;:&quot;&quot;,&quot;exclude_items&quot;:&quot;none&quot;,&quot;img_size&quot;:&quot;default&quot;,&quot;ignore_items_size&quot;:0,&quot;items_layout&quot;:&quot;536&quot;,&quot;items_offset&quot;:&quot;0px&quot;,&quot;load_animation&quot;:&quot;none&quot;,&quot;overriding_link&quot;:&quot;%7B%22url%22%3A%22%22%7D&quot;,&quot;post_id&quot;:0,&quot;query_args&quot;:{&quot;post_type&quot;:[&quot;jpsi_videocasts&quot;],&quot;post_status&quot;:[&quot;publish&quot;,&quot;acf-disabled&quot;],&quot;posts_per_page&quot;:&quot;9&quot;},&quot;orderby_query_args&quot;:{&quot;orderby&quot;:{&quot;date&quot;:&quot;DESC&quot;}},&quot;type&quot;:&quot;carousel&quot;,&quot;us_grid_post_type&quot;:&quot;jpsi_videocasts&quot;,&quot;us_grid_ajax_index&quot;:1,&quot;us_grid_filter_query_string&quot;:null,&quot;us_grid_index&quot;:1,&quot;page_args&quot;:[],&quot;lang&quot;:&quot;fr&quot;},&quot;carousel_settings&quot;:{&quot;aria_labels&quot;:{&quot;prev&quot;:&quot;Pr\\u00e9c\\u00e9dent&quot;,&quot;next&quot;:&quot;Suivant&quot;},&quot;autoplayContinual&quot;:false,&quot;autoplayHoverPause&quot;:false,&quot;autoplayTimeout&quot;:3000,&quot;autoWidth&quot;:false,&quot;smartSpeed&quot;:350,&quot;margin&quot;:0,&quot;mouseDrag&quot;:true,&quot;rtl&quot;:false,&quot;slideBy&quot;:&quot;1&quot;,&quot;touchDrag&quot;:true,&quot;slideTransition&quot;:&quot;&quot;,&quot;responsive&quot;:{&quot;0&quot;:{&quot;autoHeight&quot;:false,&quot;autoplay&quot;:false,&quot;autoWidth&quot;:false,&quot;center&quot;:false,&quot;dots&quot;:true,&quot;items&quot;:1,&quot;loop&quot;:false,&quot;nav&quot;:false,&quot;stagePadding&quot;:0,&quot;slideBy&quot;:&quot;1&quot;},&quot;601&quot;:{&quot;items&quot;:3,&quot;autoplay&quot;:false,&quot;center&quot;:false,&quot;dots&quot;:true,&quot;nav&quot;:false,&quot;autoHeight&quot;:false,&quot;autoWidth&quot;:false,&quot;loop&quot;:false,&quot;stagePadding&quot;:0}}}}'><\/div>\r\n\t<\/div><div class=\"w-grid-none type_message\">Aucun r\u00e9sultat.<\/div><div class=\"w-btn-wrapper align_center\"><a class=\"w-btn us-btn-style_4 httfox-wpp-button us_custom_ca78b536\" href=\"https:\/\/janiltonpsicologo.com\/fr\/videocasts\"><span class=\"w-btn-label\">Voir tout<\/span><\/a><\/div><\/div><\/div><\/div><\/div><\/div><\/div><\/div><\/section><section class=\"l-section wpb_row us_custom_cdb6122b height_medium\"><div class=\"l-section-h i-cf\"><div class=\"g-cols vc_row via_grid cols_1 laptops-cols_inherit tablets-cols_inherit mobiles-cols_1 valign_top type_default stacking_default\"><div class=\"wpb_column vc_column_container\"><div class=\"vc_column-inner\"><div class=\"g-cols wpb_row via_grid cols_1 laptops-cols_inherit tablets-cols_inherit mobiles-cols_1 valign_top type_default stacking_default\" style=\"--columns-gap:3rem;\"><div class=\"wpb_column vc_column_container\"><div class=\"vc_column-inner\"><div class=\"w-html us_custom_bea260b2 has_text_color\"><div class=\"httfox-tag\">\n  <p>Projetos<\/p>\n  <i class=\"fi fi-rr-graduation-cap\"><\/i>\n<\/div><\/div><div class=\"wpb_text_column us_custom_fbc0a3e9 has_text_color\"><div class=\"wpb_wrapper\"><h3>Nouvelles perspectives de vie<\/h3>\n<\/div><\/div><div class=\"wpb_text_column us_custom_7b1a01cb\"><div class=\"wpb_wrapper\"><p>Des cours, \u00e9v\u00e9nements et rencontres qui font de la psychanalyse un savoir vivant et en mouvement.<\/p>\n<\/div><\/div><div class=\"w-grid us_custom_844f4a3b type_carousel layout_1122 hidden items_3\" id=\"us_grid_2\" style=\"--items:3;--gap:0.6rem;\"><style>.layout_1122 .w-grid-item-h{}.layout_1122 .usg_post_image_1{height:250px!important;overflow:hidden!important}.layout_1122 .usg_vwrapper_1{border-radius:5px!important;overflow:hidden!important}.layout_1122 .usg_vwrapper_2{border-radius:0 0 5px 5px!important;border-color:var(--color-content-heading)!important;border-style:solid!important;background:#fff!important;padding:1.875rem 1.25rem 1.875rem 1.25rem!important;border-width:0 1px 1px 1px!important}.layout_1122 .usg_post_title_1{color:var(--color-alt-content-text)!important;font-size:1rem!important;font-weight:700!important;margin-bottom:0.625rem!important}.layout_1122 .usg_vwrapper_3{position:relative!important}.layout_1122 .usg_post_content_1{font-size:0.875rem!important;font-family:var(--h1-font-family)!important;margin-bottom:1.375rem!important}<\/style><div class=\"w-grid-list owl-carousel valign_stretch dotstyle_circle navstyle_circle navpos_outside owl-responsive-2000 with_dots\" style=\"--transition-duration:350ms;\"><\/div>\t<div class=\"g-preloader type_1\">\r\n\t\t<div><\/div>\r\n\t<\/div>\r\n\t\t<div class=\"w-grid-json hidden\" onclick='return {&quot;action&quot;:&quot;us_ajax_grid&quot;,&quot;infinite_scroll&quot;:0,&quot;max_num_pages&quot;:0,&quot;pagination&quot;:&quot;none&quot;,&quot;template_vars&quot;:{&quot;columns&quot;:&quot;&quot;,&quot;exclude_items&quot;:&quot;none&quot;,&quot;img_size&quot;:&quot;default&quot;,&quot;ignore_items_size&quot;:0,&quot;items_layout&quot;:&quot;1122&quot;,&quot;items_offset&quot;:&quot;0px&quot;,&quot;load_animation&quot;:&quot;none&quot;,&quot;overriding_link&quot;:&quot;%7B%22url%22%3A%22%22%7D&quot;,&quot;post_id&quot;:0,&quot;query_args&quot;:{&quot;post_type&quot;:[&quot;jpsi_projects&quot;],&quot;post_status&quot;:[&quot;publish&quot;,&quot;acf-disabled&quot;],&quot;posts_per_page&quot;:&quot;9&quot;},&quot;orderby_query_args&quot;:{&quot;orderby&quot;:{&quot;date&quot;:&quot;DESC&quot;}},&quot;type&quot;:&quot;carousel&quot;,&quot;us_grid_post_type&quot;:&quot;jpsi_projects&quot;,&quot;us_grid_ajax_index&quot;:2,&quot;us_grid_filter_query_string&quot;:null,&quot;us_grid_index&quot;:2,&quot;page_args&quot;:[],&quot;lang&quot;:&quot;fr&quot;},&quot;carousel_settings&quot;:{&quot;aria_labels&quot;:{&quot;prev&quot;:&quot;Pr\\u00e9c\\u00e9dent&quot;,&quot;next&quot;:&quot;Suivant&quot;},&quot;autoplayContinual&quot;:false,&quot;autoplayHoverPause&quot;:false,&quot;autoplayTimeout&quot;:3000,&quot;autoWidth&quot;:false,&quot;smartSpeed&quot;:350,&quot;margin&quot;:0,&quot;mouseDrag&quot;:true,&quot;rtl&quot;:false,&quot;slideBy&quot;:&quot;1&quot;,&quot;touchDrag&quot;:true,&quot;slideTransition&quot;:&quot;&quot;,&quot;responsive&quot;:{&quot;0&quot;:{&quot;autoHeight&quot;:false,&quot;autoplay&quot;:false,&quot;autoWidth&quot;:false,&quot;center&quot;:false,&quot;dots&quot;:true,&quot;items&quot;:1,&quot;loop&quot;:false,&quot;nav&quot;:false,&quot;stagePadding&quot;:0,&quot;slideBy&quot;:&quot;1&quot;},&quot;601&quot;:{&quot;items&quot;:3,&quot;autoplay&quot;:false,&quot;center&quot;:false,&quot;dots&quot;:true,&quot;nav&quot;:false,&quot;autoHeight&quot;:false,&quot;autoWidth&quot;:false,&quot;loop&quot;:false,&quot;stagePadding&quot;:0}}}}'><\/div>\r\n\t<\/div><div class=\"w-grid-none type_message\">Aucun r\u00e9sultat.<\/div><div class=\"w-btn-wrapper align_center\"><a class=\"w-btn us-btn-style_5 httfox-wpp-button us_custom_ca78b536\" href=\"https:\/\/janiltonpsicologo.com\/fr\/projets\"><span class=\"w-btn-label\">Voir tout<\/span><\/a><\/div><\/div><\/div><\/div><\/div><\/div><\/div><\/div><\/section><section class=\"l-section wpb_row us_custom_91e11ea4 height_medium\"><div class=\"l-section-h i-cf\"><div class=\"g-cols vc_row via_grid cols_1 laptops-cols_inherit tablets-cols_inherit mobiles-cols_1 valign_top type_default stacking_default\"><div class=\"wpb_column vc_column_container\"><div class=\"vc_column-inner\"><div class=\"g-cols wpb_row us_custom_be76ad63 via_grid cols_1 laptops-cols_inherit tablets-cols_inherit mobiles-cols_1 valign_top type_default stacking_default\" style=\"--columns-gap:3rem;\"><div class=\"wpb_column vc_column_container\"><div class=\"vc_column-inner\"><section class=\"l-section wpb_row us_custom_4a48a964 height_medium width_full\"><div class=\"l-section-h i-cf\"><div class=\"g-cols vc_row via_grid cols_1 laptops-cols_inherit tablets-cols_inherit mobiles-cols_1 valign_middle type_default stacking_default\" style=\"--columns-gap:0rem;\"><div class=\"wpb_column vc_column_container\"><div class=\"vc_column-inner\"><div class=\"g-cols wpb_row us_custom_c2536529 httfox-newsletter_box-grid via_grid cols_2 laptops-cols_inherit tablets-cols_inherit mobiles-cols_1 valign_top type_default stacking_default\" style=\"--columns-gap:2rem;\"><div class=\"wpb_column vc_column_container\"><div class=\"vc_column-inner\"><div class=\"wpb_text_column us_custom_7dfcf3c4 has_text_color\"><div class=\"wpb_wrapper\"><h3>R\u00e9flexions qui transforment<\/h3>\n<\/div><\/div><div class=\"wpb_text_column us_custom_71a23a90 has_text_color\"><div class=\"wpb_wrapper\"><p>Abonnez-vous \u00e0 ma <em>newsletter<\/em> gratuite sur la psychanalyse, la sant\u00e9 mentale et les travers\u00e9es de la vie quotidienne. Une invitation \u00e0 la r\u00e9flexion \u00e0 travers des textes accessibles et sans \u00ab jargon psychanalytique \u00bb.<\/p>\n<\/div><\/div><div class=\"w-popup us_custom_10deaa6d w-btn-wrapper align_none\"><button type=\"button\" aria-label=\"Abonnez-vous \u00e0 la newsletter\" class=\"w-popup-trigger type_btn w-btn us-btn-style_6 httfox-wpp-button\"><span class=\"w-btn-label\">Abonnez-vous \u00e0 la newsletter<\/span><\/button><div class=\"w-popup-overlay\" style=\"background:rgba(0,0,0,0.85);\"><\/div><div class=\"w-popup-wrap layout_default\" role=\"dialog\" aria-modal=\"true\" aria-label=\"Abonnez-vous \u00e0 la newsletter\" style=\"--title-color:var(--color-content-heading);--title-bg-color:var(--color-content-bg-alt);--content-color:var(--color-content-text);--content-bg-color:var(--color-content-bg);--popup-border-radius:1.5rem;--popup-width:1100px;\"><button aria-label=\"Fermer\" class=\"w-popup-closer\" type=\"button\"><\/button><div class=\"w-popup-box animation_fadeIn closerpos_outside without_title\"><div class=\"w-popup-box-h\"><div class=\"w-popup-box-content\"><section class=\"l-section wpb_row us_custom_4a48a964 height_medium width_full\"><div class=\"l-section-h i-cf\"><div class=\"g-cols vc_row via_grid cols_1 laptops-cols_inherit tablets-cols_inherit mobiles-cols_1 valign_middle type_default stacking_default\" style=\"--columns-gap:0rem;\"><div class=\"wpb_column vc_column_container\"><div class=\"vc_column-inner\"><div class=\"g-cols wpb_row us_custom_f4839d4e via_grid cols_1 laptops-cols_inherit tablets-cols_inherit mobiles-cols_1 valign_top type_default stacking_default\" style=\"--columns-gap:2rem;\"><div class=\"wpb_column vc_column_container\"><div class=\"vc_column-inner\"><div class=\"wpb_text_column us_custom_273614ab has_text_color\"><div class=\"wpb_wrapper\"><h3>R\u00e9flexions qui transforment<\/h3>\n<\/div><\/div><div class=\"wpb_text_column us_custom_560e4d39 has_text_color\"><div class=\"wpb_wrapper\"><p>Abonnez-vous \u00e0 ma <em>newsletter<\/em> gratuite sur la psychanalyse, la sant\u00e9 mentale et les transitions de la vie quotidienne. Une invitation \u00e0 la pens\u00e9e dans des textes accessibles et sans \u00ab\u00a0psychanalyse\u00a0\u00bb.<\/p>\n<\/div><\/div>\n<div class=\"wpcf7 no-js us-field-style_2 us_custom_10deaa6d httfox-newsletter-form-new\" id=\"wpcf7-f2180-o1\" lang=\"fr-FR\" dir=\"ltr\" data-wpcf7-id=\"2180\">\n<div class=\"screen-reader-response\"><p role=\"status\" aria-live=\"polite\" aria-atomic=\"true\"><\/p> <ul><\/ul><\/div>\n<form action=\"\/fr\/wp-json\/wp\/v2\/pages\/1944#wpcf7-f2180-o1\" method=\"post\" class=\"wpcf7-form init\" aria-label=\"Formulaire de contact\" novalidate=\"novalidate\" data-status=\"init\">\n<fieldset class=\"hidden-fields-container\"><input type=\"hidden\" name=\"_wpcf7\" value=\"2180\" \/><input type=\"hidden\" name=\"_wpcf7_version\" value=\"6.1.5\" \/><input type=\"hidden\" name=\"_wpcf7_locale\" value=\"fr_FR\" \/><input type=\"hidden\" name=\"_wpcf7_unit_tag\" value=\"wpcf7-f2180-o1\" \/><input type=\"hidden\" name=\"_wpcf7_container_post\" value=\"0\" \/><input type=\"hidden\" name=\"_wpcf7_posted_data_hash\" value=\"\" \/><input type=\"hidden\" name=\"_wpcf7_recaptcha_response\" value=\"\" \/>\n<\/fieldset>\n<div class=\"httfox-cf7-container httfox-column\">\n\t<div class=\"httfox-cf7-col-2c\">\n\t\t<p><label><span class=\"wpcf7-form-control-wrap\" data-name=\"nome\"><input size=\"40\" maxlength=\"400\" class=\"wpcf7-form-control wpcf7-text\" aria-invalid=\"false\" placeholder=\"Nom et pr\u00e9nom\" value=\"\" type=\"text\" name=\"nome\" \/><\/span><\/label><br \/>\n<label><span class=\"wpcf7-form-control-wrap\" data-name=\"ocupacao\"><input size=\"40\" maxlength=\"400\" class=\"wpcf7-form-control wpcf7-text\" aria-invalid=\"false\" placeholder=\"Occupation\" value=\"\" type=\"text\" name=\"ocupacao\" \/><\/span><\/label>\n\t\t<\/p>\n\t<\/div>\n\t<div class=\"httfox-cf7-col-3c\">\n\t\t<p><label><span class=\"wpcf7-form-control-wrap\" data-name=\"your-email\"><input size=\"40\" maxlength=\"400\" class=\"wpcf7-form-control wpcf7-email wpcf7-validates-as-required wpcf7-text wpcf7-validates-as-email\" aria-required=\"true\" aria-invalid=\"false\" placeholder=\"email@exemplo.com\" value=\"\" type=\"email\" name=\"your-email\" \/><\/span><\/label><br \/>\n<label><span class=\"wpcf7-form-control-wrap\" data-name=\"whatsapp\"><input size=\"40\" class=\"wpcf7-form-control wpcf7-phonetext wpcf7-text wpcf7-validates-as-phonetext\" aria-invalid=\"false\" placeholder=\"WhatsApp\" value=\"\" type=\"text\" name=\"whatsapp\" \/><input type=\"hidden\" name=\"whatsapp-country-code\" class=\"wpcf7-phonetext-country-code\" \/><\/span><\/label><br \/>\n<label><span class=\"wpcf7-form-control-wrap\" data-name=\"cidade\"><input size=\"40\" maxlength=\"400\" class=\"wpcf7-form-control wpcf7-text\" aria-invalid=\"false\" placeholder=\"Ville\" value=\"\" type=\"text\" name=\"cidade\" \/><\/span><\/label>\n\t\t<\/p>\n\t<\/div>\n\t<div>\n\t\t<p><input class=\"wpcf7-form-control wpcf7-submit has-spinner submit-outline\" type=\"submit\" value=\"S\u2019inscrire\" \/>\n\t\t<\/p>\n\t<\/div>\n\t<div class=\"newsletter-box\" style=\"margin: 0 auto; max-width: fit-content;\">\n\t\t<p>\n\n\t\t\t\t\t\t\t<span class=\"wpcf7-form-control-wrap mailpoetsignup-273\">\n\t\t\t<span class=\"wpcf7-form-control wpcf7-mailpoetsignup wpcf7-validates-as-required\">\n\t\t\t\t<label class=\"wpcf7-list-label\">\n\t\t\t\t<input type=\"checkbox\"\n\t\t\t\tname=\"mailpoetsignup-273[]\" value=\"\n\t\t\t\t\t\t\t\t\t\tNewsLetter\t\t\t\t\"\n\t\t\t\tid=\"\" class=\"\"\n\t\t\t\t\t\t\t\t\/>Newsletter mensuelle. Pas de spam, annulez \u00e0 tout moment.\t\t\t\t\t<input type=\"hidden\" name=\"fieldVal\"  value=\"\n\t\t\t\t\t4\t\t\t\t\t\"\n\t\t\t\t<\/label>\n\t\t\t\t<br\/>\n\t\t\t\t<\/span>\n\n\t\t\t\t<\/span>\n\n\t\t\t\t\n\t\t<\/p>\n\t<\/div>\n\t<style>\n .httfox-cf7-container .newsletter-box label {\n color: #fff !important;\n font-weight: 400;\n }\n\t<\/style>\n<\/div><div class=\"wpcf7-response-output\" aria-hidden=\"true\"><\/div>\n<\/form>\n<\/div>\n<\/div><\/div><\/div><\/div><\/div><\/div><\/div><\/section>\n<\/div><\/div><\/div><\/div><\/div><\/div><\/div><div class=\"wpb_column vc_column_container\"><div class=\"vc_column-inner\"><div class=\"wpb_text_column us_custom_6daa3ac4 has_text_color\"><div class=\"wpb_wrapper\"><p>\u00c9coutez et suivez !<\/p>\n<\/div><\/div><div class=\"wpb_text_column us_custom_383a7d10 has_text_color\"><div class=\"wpb_wrapper\"><p>Sur <em>Spotify<\/em> et <em>YouTube<\/em>, vous trouverez des contenus pens\u00e9s pour \u00e9largir les perceptions <em>et<\/em> cr\u00e9er de nouvelles possibilit\u00e9s d\u2019\u00e9coute.<\/p>\n<\/div><\/div><div class=\"w-hwrapper valign_middle align_none\" style=\"--hwrapper-gap:1rem\"><div class=\"w-image us_custom_d6113440 httfox-fix-image align_none\"><a href=\"https:\/\/open.spotify.com\/show\/2l1SgRzp4WWkrQPhYoURhx\" aria-label=\"spotify\" class=\"w-image-h\"><img decoding=\"async\" src=\"https:\/\/janiltonpsicologo.com\/wp-content\/uploads\/2025\/08\/spotify.svg\" class=\"attachment-full size-full\" alt=\"\" loading=\"lazy\" \/><\/a><\/div><div class=\"w-image us_custom_48a4704f httfox-fix-image align_none\"><a href=\"https:\/\/youtube.com\/@janiltonpsicologo\" aria-label=\"youtube\" class=\"w-image-h\"><img decoding=\"async\" src=\"https:\/\/janiltonpsicologo.com\/wp-content\/uploads\/2025\/08\/youtube.svg\" class=\"attachment-full size-full\" alt=\"\" loading=\"lazy\" \/><\/a><\/div><\/div><\/div><\/div><\/div><\/div><\/div><\/div><\/div><\/section>\n<\/div><\/div><\/div><\/div><\/div><\/div><\/div><\/section>\n","protected":false},"excerpt":{"rendered":"Explorez et Approfondissez Tout en un seul endroit pour votre \u00e9volution et bien-\u00eatre. Videocast Des conversations qui inspirent Des rencontres autour d&rsquo;id\u00e9es qui font r\u00e9fl\u00e9chir. Des dialogues qui respirent et r\u00e9sonnent. Aucun r\u00e9sultat.Voir tout Projetos Nouvelles perspectives de vie Des cours, \u00e9v\u00e9nements et rencontres qui font de la psychanalyse un savoir vivant et en mouvement....","protected":false},"author":1,"featured_media":0,"parent":0,"menu_order":0,"comment_status":"closed","ping_status":"closed","template":"","meta":{"_acf_changed":false,"footnotes":""},"class_list":["post-1944","page","type-page","status-publish","hentry"],"acf":[],"_links":{"self":[{"href":"https:\/\/janiltonpsicologo.com\/fr\/wp-json\/wp\/v2\/pages\/1944","targetHints":{"allow":["GET"]}}],"collection":[{"href":"https:\/\/janiltonpsicologo.com\/fr\/wp-json\/wp\/v2\/pages"}],"about":[{"href":"https:\/\/janiltonpsicologo.com\/fr\/wp-json\/wp\/v2\/types\/page"}],"author":[{"embeddable":true,"href":"https:\/\/janiltonpsicologo.com\/fr\/wp-json\/wp\/v2\/users\/1"}],"replies":[{"embeddable":true,"href":"https:\/\/janiltonpsicologo.com\/fr\/wp-json\/wp\/v2\/comments?post=1944"}],"version-history":[{"count":6,"href":"https:\/\/janiltonpsicologo.com\/fr\/wp-json\/wp\/v2\/pages\/1944\/revisions"}],"predecessor-version":[{"id":2198,"href":"https:\/\/janiltonpsicologo.com\/fr\/wp-json\/wp\/v2\/pages\/1944\/revisions\/2198"}],"wp:attachment":[{"href":"https:\/\/janiltonpsicologo.com\/fr\/wp-json\/wp\/v2\/media?parent=1944"}],"curies":[{"name":"wp","href":"https:\/\/api.w.org\/{rel}","templated":true}]}}