{"id":1997,"date":"2025-08-23T17:37:12","date_gmt":"2025-08-23T20:37:12","guid":{"rendered":"https:\/\/janiltonpsicologo.com\/videocasts\/"},"modified":"2025-12-13T10:05:40","modified_gmt":"2025-12-13T13:05:40","slug":"videocasts","status":"publish","type":"page","link":"https:\/\/janiltonpsicologo.com\/fr\/videocasts\/","title":{"rendered":"V\u00eddeocasts"},"content":{"rendered":"<section class=\"l-section wpb_row height_medium\"><div class=\"l-section-h i-cf\"><div class=\"g-cols vc_row via_grid cols_1 laptops-cols_inherit tablets-cols_inherit mobiles-cols_1 valign_top type_default stacking_default\"><div class=\"wpb_column vc_column_container\"><div class=\"vc_column-inner\"><div class=\"wpb_text_column us_custom_ba77a1ad us_animate_this\"><div class=\"wpb_wrapper\"><p>VIDEOCAST<\/p>\n<\/div><\/div><div class=\"wpb_text_column us_custom_732d1a34 has_text_color us_animate_this\"><div class=\"wpb_wrapper\"><h1>Des conversations qui inspirent<\/h1>\n<\/div><\/div><div class=\"wpb_text_column us_custom_accc847b us_animate_this\"><div class=\"wpb_wrapper\"><p>Des rencontres autour d\u2019id\u00e9es qui font r\u00e9fl\u00e9chir. Des dialogues qui respirent et r\u00e9sonnent.<\/p>\n<\/div><\/div><div class=\"g-cols wpb_row via_grid cols_1 laptops-cols_inherit tablets-cols_inherit mobiles-cols_1 valign_top type_default stacking_default\" style=\"--columns-gap:3rem;\" id=\"mobile\"><div class=\"wpb_column vc_column_container\"><div class=\"vc_column-inner\"><form class=\"w-filter for_grid state_desktop us-field-style_1 us_custom_4f24afa8 layout_hor items_1 mod_side style_switch_default align_center drop_on_hover hide_item_title hide_disabled_values\" action onsubmit=\"return false;\" onclick='return {&quot;filterPrefix&quot;:&quot;filter&quot;,&quot;hideDisabledValues&quot;:true,&quot;layout&quot;:&quot;hor&quot;,&quot;mobileWidth&quot;:600,&quot;use_grid&quot;:&quot;first&quot;,&quot;gridNotFoundMessage&quot;:&quot;Nothing to filter. Add a suitable Grid to this page.&quot;}'><div class=\"w-filter-list\"><div class=\"w-filter-list-title\">Filtres<\/div><button class=\"w-filter-list-closer\" title=\"Fermer\" aria-label=\"Fermer\"><\/button><\/div><div class=\"w-filter-json-filters-args hidden\" onclick='return {&quot;taxonomies_query_args&quot;:{&quot;tax|category&quot;:{&quot;article&quot;:{&quot;fields&quot;:&quot;ids&quot;,&quot;nopaging&quot;:true,&quot;post_status&quot;:[&quot;publish&quot;,&quot;acf-disabled&quot;,&quot;inherit&quot;],&quot;post_type&quot;:[],&quot;posts_per_page&quot;:1,&quot;suppress_filters&quot;:true,&quot;tax_query&quot;:[{&quot;taxonomy&quot;:&quot;category&quot;,&quot;field&quot;:&quot;slug&quot;,&quot;terms&quot;:&quot;article&quot;}]},&quot;bien-etre&quot;:{&quot;fields&quot;:&quot;ids&quot;,&quot;nopaging&quot;:true,&quot;post_status&quot;:[&quot;publish&quot;,&quot;acf-disabled&quot;,&quot;inherit&quot;],&quot;post_type&quot;:[],&quot;posts_per_page&quot;:1,&quot;suppress_filters&quot;:true,&quot;tax_query&quot;:[{&quot;taxonomy&quot;:&quot;category&quot;,&quot;field&quot;:&quot;slug&quot;,&quot;terms&quot;:&quot;bien-etre&quot;}]},&quot;estime-de-soi&quot;:{&quot;fields&quot;:&quot;ids&quot;,&quot;nopaging&quot;:true,&quot;post_status&quot;:[&quot;publish&quot;,&quot;acf-disabled&quot;,&quot;inherit&quot;],&quot;post_type&quot;:[],&quot;posts_per_page&quot;:1,&quot;suppress_filters&quot;:true,&quot;tax_query&quot;:[{&quot;taxonomy&quot;:&quot;category&quot;,&quot;field&quot;:&quot;slug&quot;,&quot;terms&quot;:&quot;estime-de-soi&quot;}]},&quot;livre&quot;:{&quot;fields&quot;:&quot;ids&quot;,&quot;nopaging&quot;:true,&quot;post_status&quot;:[&quot;publish&quot;,&quot;acf-disabled&quot;,&quot;inherit&quot;],&quot;post_type&quot;:[],&quot;posts_per_page&quot;:1,&quot;suppress_filters&quot;:true,&quot;tax_query&quot;:[{&quot;taxonomy&quot;:&quot;category&quot;,&quot;field&quot;:&quot;slug&quot;,&quot;terms&quot;:&quot;livre&quot;}]},&quot;livre-electronique&quot;:{&quot;fields&quot;:&quot;ids&quot;,&quot;nopaging&quot;:true,&quot;post_status&quot;:[&quot;publish&quot;,&quot;acf-disabled&quot;,&quot;inherit&quot;],&quot;post_type&quot;:[],&quot;posts_per_page&quot;:1,&quot;suppress_filters&quot;:true,&quot;tax_query&quot;:[{&quot;taxonomy&quot;:&quot;category&quot;,&quot;field&quot;:&quot;slug&quot;,&quot;terms&quot;:&quot;livre-electronique&quot;}]},&quot;mode-de-vie&quot;:{&quot;fields&quot;:&quot;ids&quot;,&quot;nopaging&quot;:true,&quot;post_status&quot;:[&quot;publish&quot;,&quot;acf-disabled&quot;,&quot;inherit&quot;],&quot;post_type&quot;:[],&quot;posts_per_page&quot;:1,&quot;suppress_filters&quot;:true,&quot;tax_query&quot;:[{&quot;taxonomy&quot;:&quot;category&quot;,&quot;field&quot;:&quot;slug&quot;,&quot;terms&quot;:&quot;mode-de-vie&quot;}]},&quot;non-categorise&quot;:{&quot;fields&quot;:&quot;ids&quot;,&quot;nopaging&quot;:true,&quot;post_status&quot;:[&quot;publish&quot;,&quot;acf-disabled&quot;,&quot;inherit&quot;],&quot;post_type&quot;:[],&quot;posts_per_page&quot;:1,&quot;suppress_filters&quot;:true,&quot;tax_query&quot;:[{&quot;taxonomy&quot;:&quot;category&quot;,&quot;field&quot;:&quot;slug&quot;,&quot;terms&quot;:&quot;non-categorise&quot;}]},&quot;nouvelles&quot;:{&quot;fields&quot;:&quot;ids&quot;,&quot;nopaging&quot;:true,&quot;post_status&quot;:[&quot;publish&quot;,&quot;acf-disabled&quot;,&quot;inherit&quot;],&quot;post_type&quot;:[],&quot;posts_per_page&quot;:1,&quot;suppress_filters&quot;:true,&quot;tax_query&quot;:[{&quot;taxonomy&quot;:&quot;category&quot;,&quot;field&quot;:&quot;slug&quot;,&quot;terms&quot;:&quot;nouvelles&quot;}]},&quot;psychanalyse-connectee&quot;:{&quot;fields&quot;:&quot;ids&quot;,&quot;nopaging&quot;:true,&quot;post_status&quot;:[&quot;publish&quot;,&quot;acf-disabled&quot;,&quot;inherit&quot;],&quot;post_type&quot;:[],&quot;posts_per_page&quot;:1,&quot;suppress_filters&quot;:true,&quot;tax_query&quot;:[{&quot;taxonomy&quot;:&quot;category&quot;,&quot;field&quot;:&quot;slug&quot;,&quot;terms&quot;:&quot;psychanalyse-connectee&quot;}]}}}}'><\/div><\/form><div class=\"w-grid type_grid layout_536 hidden cols_3 pagination_infinite\" id=\"us_grid_1\" style=\"--columns:3;--gap:0.6rem;\" data-filterable=\"true\"><style>@media (max-width:1024px){#us_grid_1{--columns:2!important}}@media (max-width:600px){#us_grid_1{--columns:1!important}}.layout_536 .w-grid-item-h{}.layout_536 .usg_image_1{transition-duration:0.3s;transform-origin:-50% -50%;transform:scale(1) translate(0%,0%)}.layout_536 .w-grid-item-h:focus-within .usg_image_1,.layout_536 .w-grid-item-h:hover .usg_image_1{transform:scale(1.4) translate(0%,0%);opacity:1}.layout_536 .usg_post_image_1{margin-bottom:1.25rem!important;border-radius:0.75rem!important;overflow:hidden!important}.layout_536 .usg_vwrapper_2{padding-left:2.9375rem!important;padding-right:2.9375rem!important}.layout_536 .usg_post_title_1{color:#000!important;font-size:1rem!important;font-weight:700!important;margin-bottom:1.25rem!important}.layout_536 .usg_btn_1{max-width:6.125rem!important}.layout_536 .usg_vwrapper_3{position:relative!important}.layout_536 .usg_image_1{position:absolute!important;left:50%!important;top:50%!important;transform:translate(-50%,-50%)!important}@media (min-width:1025px) and (max-width:1380px){.layout_536 .usg_vwrapper_2{padding-left:1.25rem!important;padding-right:1.25rem!important}}@media (min-width:601px) and (max-width:1024px){.layout_536 .usg_vwrapper_2{padding-left:1.25rem!important;padding-right:1.25rem!important}}@media (max-width:600px){.layout_536 .usg_vwrapper_2{padding-left:1.25rem!important;padding-right:1.25rem!important}}<\/style><div class=\"w-grid-list\"><\/div><div class=\"w-grid-preloader\">\t<div class=\"g-preloader type_1\">\r\n\t\t<div><\/div>\r\n\t<\/div>\r\n\t<\/div>\t<div class=\"w-grid-json hidden\" onclick='return {&quot;action&quot;:&quot;us_ajax_grid&quot;,&quot;infinite_scroll&quot;:0,&quot;max_num_pages&quot;:0,&quot;pagination&quot;:&quot;infinite&quot;,&quot;template_vars&quot;:{&quot;columns&quot;:&quot;3&quot;,&quot;exclude_items&quot;:&quot;none&quot;,&quot;img_size&quot;:&quot;default&quot;,&quot;ignore_items_size&quot;:0,&quot;items_layout&quot;:&quot;536&quot;,&quot;items_offset&quot;:&quot;1&quot;,&quot;load_animation&quot;:&quot;none&quot;,&quot;overriding_link&quot;:&quot;%7B%22url%22%3A%22%22%7D&quot;,&quot;post_id&quot;:0,&quot;query_args&quot;:{&quot;post_type&quot;:[&quot;jpsi_videocasts&quot;],&quot;post_status&quot;:[&quot;publish&quot;,&quot;acf-disabled&quot;],&quot;posts_per_page&quot;:&quot;9&quot;},&quot;orderby_query_args&quot;:{&quot;orderby&quot;:{&quot;date&quot;:&quot;DESC&quot;}},&quot;type&quot;:&quot;grid&quot;,&quot;us_grid_post_type&quot;:&quot;jpsi_videocasts&quot;,&quot;us_grid_ajax_index&quot;:1,&quot;us_grid_filter_query_string&quot;:null,&quot;us_grid_index&quot;:1,&quot;page_args&quot;:[],&quot;lang&quot;:&quot;fr&quot;}}'><\/div>\r\n\t<\/div><\/div><\/div><\/div><\/div><\/div><\/div><\/div><\/section>\n","protected":false},"excerpt":{"rendered":"VIDEOCAST Des conversations qui inspirent Des rencontres autour d\u2019id\u00e9es qui font r\u00e9fl\u00e9chir. Des dialogues qui respirent et r\u00e9sonnent. Filtres","protected":false},"author":1,"featured_media":1886,"parent":0,"menu_order":0,"comment_status":"closed","ping_status":"closed","template":"","meta":{"_acf_changed":false,"footnotes":""},"class_list":["post-1997","page","type-page","status-publish","has-post-thumbnail","hentry"],"acf":[],"_links":{"self":[{"href":"https:\/\/janiltonpsicologo.com\/fr\/wp-json\/wp\/v2\/pages\/1997","targetHints":{"allow":["GET"]}}],"collection":[{"href":"https:\/\/janiltonpsicologo.com\/fr\/wp-json\/wp\/v2\/pages"}],"about":[{"href":"https:\/\/janiltonpsicologo.com\/fr\/wp-json\/wp\/v2\/types\/page"}],"author":[{"embeddable":true,"href":"https:\/\/janiltonpsicologo.com\/fr\/wp-json\/wp\/v2\/users\/1"}],"replies":[{"embeddable":true,"href":"https:\/\/janiltonpsicologo.com\/fr\/wp-json\/wp\/v2\/comments?post=1997"}],"version-history":[{"count":1,"href":"https:\/\/janiltonpsicologo.com\/fr\/wp-json\/wp\/v2\/pages\/1997\/revisions"}],"predecessor-version":[{"id":1998,"href":"https:\/\/janiltonpsicologo.com\/fr\/wp-json\/wp\/v2\/pages\/1997\/revisions\/1998"}],"wp:featuredmedia":[{"embeddable":true,"href":"https:\/\/janiltonpsicologo.com\/fr\/wp-json\/wp\/v2\/media\/1886"}],"wp:attachment":[{"href":"https:\/\/janiltonpsicologo.com\/fr\/wp-json\/wp\/v2\/media?parent=1997"}],"curies":[{"name":"wp","href":"https:\/\/api.w.org\/{rel}","templated":true}]}}